{"id":2628,"date":"2026-01-30T15:29:12","date_gmt":"2026-01-30T15:29:12","guid":{"rendered":"https:\/\/oss-material.ca\/de\/messerstahl-materialien\/"},"modified":"2026-04-14T18:09:24","modified_gmt":"2026-04-14T18:09:24","slug":"messerstahl-materialien","status":"publish","type":"page","link":"https:\/\/oss-material.com\/de\/messerstahl-materialien\/","title":{"rendered":"Messerstahl \/ Materialien"},"content":{"rendered":"[vc_row type=&#8220;full_width_background&#8220; full_screen_row_position=&#8220;middle&#8220; column_margin=&#8220;default&#8220; column_direction=&#8220;default&#8220; column_direction_tablet=&#8220;default&#8220; column_direction_phone=&#8220;default&#8220; bg_image=&#8220;1885&#8243; bg_position=&#8220;center top&#8220; background_image_loading=&#8220;default&#8220; bg_repeat=&#8220;no-repeat&#8220; scene_position=&#8220;center&#8220; text_color=&#8220;dark&#8220; text_align=&#8220;left&#8220; row_border_radius=&#8220;none&#8220; row_border_radius_applies=&#8220;bg&#8220; overflow=&#8220;visible&#8220; overlay_strength=&#8220;0.3&#8243; gradient_direction=&#8220;left_to_right&#8220; shape_divider_position=&#8220;bottom&#8220; bg_image_animation=&#8220;none&#8220; parallax_bg=&#8220;true&#8220; parallax_bg_speed=&#8220;fast&#8220; gradient_type=&#8220;default&#8220; shape_type=&#8220;&#8220;][vc_column column_padding=&#8220;no-extra-padding&#8220; column_padding_tablet=&#8220;inherit&#8220; column_padding_phone=&#8220;inherit&#8220; column_padding_position=&#8220;all&#8220; column_element_direction_desktop=&#8220;default&#8220; column_element_spacing=&#8220;default&#8220; desktop_text_alignment=&#8220;default&#8220; tablet_text_alignment=&#8220;default&#8220; phone_text_alignment=&#8220;default&#8220; background_color_opacity=&#8220;1&#8243; background_hover_color_opacity=&#8220;1&#8243; column_backdrop_filter=&#8220;none&#8220; column_shadow=&#8220;none&#8220; column_border_radius=&#8220;none&#8220; column_link_target=&#8220;_self&#8220; column_position=&#8220;default&#8220; gradient_direction=&#8220;left_to_right&#8220; overlay_strength=&#8220;0.3&#8243; width=&#8220;5\/6&#8243; tablet_width_inherit=&#8220;default&#8220; animation_type=&#8220;default&#8220; bg_image_animation=&#8220;none&#8220; border_type=&#8220;simple&#8220; column_border_width=&#8220;none&#8220; column_border_style=&#8220;solid&#8220; column_padding_type=&#8220;default&#8220; gradient_type=&#8220;default&#8220;][divider line_type=&#8220;No Line&#8220; custom_height=&#8220;450&#8243;][vc_column_text css=&#8220;&#8220; text_direction=&#8220;default&#8220;]\n<h1>Messerstahl \/ Materialien<\/h1>\n[\/vc_column_text][divider line_type=&#8220;No Line&#8220; custom_height=&#8220;50&#8243;][\/vc_column][vc_column column_padding=&#8220;no-extra-padding&#8220; column_padding_tablet=&#8220;inherit&#8220; column_padding_phone=&#8220;inherit&#8220; column_padding_position=&#8220;all&#8220; column_element_direction_desktop=&#8220;default&#8220; column_element_spacing=&#8220;default&#8220; desktop_text_alignment=&#8220;default&#8220; tablet_text_alignment=&#8220;default&#8220; phone_text_alignment=&#8220;default&#8220; background_color_opacity=&#8220;1&#8243; background_hover_color_opacity=&#8220;1&#8243; column_backdrop_filter=&#8220;none&#8220; column_shadow=&#8220;none&#8220; column_border_radius=&#8220;none&#8220; column_link_target=&#8220;_self&#8220; column_position=&#8220;default&#8220; gradient_direction=&#8220;left_to_right&#8220; overlay_strength=&#8220;0.3&#8243; width=&#8220;1\/6&#8243; tablet_width_inherit=&#8220;default&#8220; animation_type=&#8220;default&#8220; bg_image_animation=&#8220;none&#8220; border_type=&#8220;simple&#8220; column_border_width=&#8220;none&#8220; column_border_style=&#8220;solid&#8220;][\/vc_column][\/vc_row][vc_row type=&#8220;full_width_content&#8220; full_screen_row_position=&#8220;middle&#8220; column_margin=&#8220;default&#8220; column_direction=&#8220;default&#8220; column_direction_tablet=&#8220;default&#8220; column_direction_phone=&#8220;default&#8220; scene_position=&#8220;center&#8220; top_padding=&#8220;150&#8243; bottom_padding=&#8220;150&#8243; text_color=&#8220;dark&#8220; text_align=&#8220;left&#8220; row_border_radius=&#8220;none&#8220; row_border_radius_applies=&#8220;bg&#8220; zindex=&#8220;100&#8243; overflow=&#8220;hidden&#8220; advanced_gradient_angle=&#8220;0&#8243; overlay_strength=&#8220;0.3&#8243; gradient_direction=&#8220;left_to_right&#8220; enable_shape_divider=&#8220;true&#8220; shape_divider_color=&#8220;#000000&#8243; shape_divider_position=&#8220;bottom&#8220; shape_divider_height=&#8220;1px&#8220; bg_image_animation=&#8220;none&#8220; gradient_type=&#8220;default&#8220; shape_type=&#8220;straight_section&#8220;][vc_column column_padding=&#8220;no-extra-padding&#8220; column_padding_tablet=&#8220;inherit&#8220; column_padding_phone=&#8220;inherit&#8220; column_padding_position=&#8220;all&#8220; column_element_direction_desktop=&#8220;default&#8220; column_element_spacing=&#8220;0px&#8220; centered_text=&#8220;true&#8220; desktop_text_alignment=&#8220;center&#8220; tablet_text_alignment=&#8220;default&#8220; phone_text_alignment=&#8220;default&#8220; background_color_opacity=&#8220;1&#8243; background_hover_color_opacity=&#8220;1&#8243; column_backdrop_filter=&#8220;none&#8220; column_shadow=&#8220;none&#8220; column_border_radius=&#8220;none&#8220; column_link_target=&#8220;_self&#8220; column_position=&#8220;default&#8220; advanced_gradient_angle=&#8220;0&#8243; gradient_direction=&#8220;left_to_right&#8220; overlay_strength=&#8220;0.3&#8243; width=&#8220;1\/1&#8243; tablet_width_inherit=&#8220;default&#8220; animation_type=&#8220;default&#8220; bg_image_animation=&#8220;none&#8220; border_type=&#8220;simple&#8220; column_border_width=&#8220;none&#8220; column_border_style=&#8220;solid&#8220; gradient_type=&#8220;default&#8220; column_padding_type=&#8220;default&#8220;][nectar_scrolling_text scroll_direction=&#8220;ltr&#8220; scroll_speed=&#8220;slow&#8220; text_color=&#8220;#CBE9C2&#8243; move_on_scroll_animation=&#8220;yes&#8220; style=&#8220;default&#8220; outline_applies_to=&#8220;text_only&#8220; text_repeat_number=&#8220;3&#8243; text_repeat_divider=&#8220;space&#8220; text_space_amount=&#8220;default&#8220; overflow=&#8220;visible&#8220; background_image_animation=&#8220;None&#8220; custom_font_size=&#8220;10vw&#8220; custom_font_size_mobile=&#8220;10vw&#8220;]\n<p class=\"p1\">NADCA-Zulassung f\u00fcr ESU, vakuumumgeschmolzene, pulvermetallurgische St\u00e4hle, konventionelle St\u00e4hle und Metallpulver.<\/p>\n[\/nectar_scrolling_text][\/vc_column][\/vc_row][vc_row type=&#8220;in_container&#8220; full_screen_row_position=&#8220;middle&#8220; column_margin=&#8220;default&#8220; column_direction=&#8220;default&#8220; column_direction_tablet=&#8220;default&#8220; column_direction_phone=&#8220;default&#8220; scene_position=&#8220;center&#8220; bottom_padding=&#8220;120&#8243; text_color=&#8220;dark&#8220; text_align=&#8220;left&#8220; row_border_radius=&#8220;none&#8220; row_border_radius_applies=&#8220;bg&#8220; overflow=&#8220;visible&#8220; overlay_strength=&#8220;0.3&#8243; gradient_direction=&#8220;left_to_right&#8220; shape_divider_position=&#8220;bottom&#8220; bg_image_animation=&#8220;none&#8220; gradient_type=&#8220;default&#8220; shape_type=&#8220;&#8220;][vc_column column_padding=&#8220;no-extra-padding&#8220; column_padding_tablet=&#8220;inherit&#8220; column_padding_phone=&#8220;inherit&#8220; column_padding_position=&#8220;all&#8220; column_element_direction_desktop=&#8220;default&#8220; column_element_spacing=&#8220;default&#8220; desktop_text_alignment=&#8220;default&#8220; tablet_text_alignment=&#8220;default&#8220; phone_text_alignment=&#8220;default&#8220; background_color_opacity=&#8220;1&#8243; background_hover_color_opacity=&#8220;1&#8243; column_backdrop_filter=&#8220;none&#8220; column_shadow=&#8220;none&#8220; column_border_radius=&#8220;none&#8220; column_link_target=&#8220;_self&#8220; column_position=&#8220;default&#8220; gradient_direction=&#8220;left_to_right&#8220; overlay_strength=&#8220;0.3&#8243; width=&#8220;2\/3&#8243; tablet_width_inherit=&#8220;default&#8220; animation_type=&#8220;default&#8220; bg_image_animation=&#8220;none&#8220; border_type=&#8220;simple&#8220; column_border_width=&#8220;none&#8220; column_border_style=&#8220;solid&#8220;][vc_column_text css=&#8220;&#8220; text_direction=&#8220;default&#8220;]\n<h4>OSS Special Steel bietet eine Reihe von Messerst\u00e4hlen f\u00fcr Schneidanwendungen, bei denen H\u00e4rte, Verschlei\u00dffestigkeit und Mikrostrukturstabilit\u00e4t entscheidend sind.<\/h4>\n<h4>Unser Messerst\u00e4hle-Portfolio umfasst verschiedene Legierungskonzepte mit unterschiedlichen Kohlenstoff- und Karbidanteilen. Dadurch k\u00f6nnen Sie den Werkstoff anhand Ihrer Leistungsziele und Verarbeitungspr\u00e4ferenzen ausw\u00e4hlen.<\/h4>\n[\/vc_column_text][\/vc_column][vc_column column_padding=&#8220;no-extra-padding&#8220; column_padding_tablet=&#8220;inherit&#8220; column_padding_phone=&#8220;inherit&#8220; column_padding_position=&#8220;all&#8220; column_element_direction_desktop=&#8220;default&#8220; column_element_spacing=&#8220;default&#8220; desktop_text_alignment=&#8220;default&#8220; tablet_text_alignment=&#8220;default&#8220; phone_text_alignment=&#8220;default&#8220; background_color_opacity=&#8220;1&#8243; background_hover_color_opacity=&#8220;1&#8243; column_backdrop_filter=&#8220;none&#8220; column_shadow=&#8220;none&#8220; column_border_radius=&#8220;none&#8220; column_link_target=&#8220;_self&#8220; column_position=&#8220;default&#8220; gradient_direction=&#8220;left_to_right&#8220; overlay_strength=&#8220;0.3&#8243; width=&#8220;1\/3&#8243; tablet_width_inherit=&#8220;default&#8220; animation_type=&#8220;default&#8220; bg_image_animation=&#8220;none&#8220; border_type=&#8220;simple&#8220; column_border_width=&#8220;none&#8220; column_border_style=&#8220;solid&#8220;][\/vc_column][\/vc_row][vc_row type=&#8220;full_width_background&#8220; full_screen_row_position=&#8220;middle&#8220; column_margin=&#8220;default&#8220; column_direction=&#8220;default&#8220; column_direction_tablet=&#8220;default&#8220; column_direction_phone=&#8220;default&#8220; bg_image=&#8220;1886&#8243; bg_position=&#8220;center center&#8220; background_image_loading=&#8220;default&#8220; bg_repeat=&#8220;no-repeat&#8220; scene_position=&#8220;center&#8220; text_color=&#8220;light&#8220; text_align=&#8220;left&#8220; row_border_radius=&#8220;none&#8220; row_border_radius_applies=&#8220;bg&#8220; overflow=&#8220;visible&#8220; overlay_strength=&#8220;0.3&#8243; gradient_direction=&#8220;left_to_right&#8220; shape_divider_position=&#8220;bottom&#8220; bg_image_animation=&#8220;none&#8220; parallax_bg=&#8220;true&#8220; parallax_bg_speed=&#8220;fast&#8220; gradient_type=&#8220;default&#8220; shape_type=&#8220;&#8220;][vc_column column_padding=&#8220;no-extra-padding&#8220; column_padding_tablet=&#8220;inherit&#8220; column_padding_phone=&#8220;inherit&#8220; column_padding_position=&#8220;all&#8220; column_element_direction_desktop=&#8220;default&#8220; column_element_spacing=&#8220;default&#8220; desktop_text_alignment=&#8220;default&#8220; tablet_text_alignment=&#8220;default&#8220; phone_text_alignment=&#8220;default&#8220; background_color_opacity=&#8220;1&#8243; background_hover_color_opacity=&#8220;1&#8243; column_backdrop_filter=&#8220;none&#8220; column_shadow=&#8220;none&#8220; column_border_radius=&#8220;none&#8220; column_link_target=&#8220;_self&#8220; column_position=&#8220;default&#8220; gradient_direction=&#8220;left_to_right&#8220; overlay_strength=&#8220;0.3&#8243; width=&#8220;1\/2&#8243; tablet_width_inherit=&#8220;default&#8220; animation_type=&#8220;default&#8220; bg_image_animation=&#8220;none&#8220; border_type=&#8220;simple&#8220; column_border_width=&#8220;none&#8220; column_border_style=&#8220;solid&#8220; column_padding_type=&#8220;default&#8220; gradient_type=&#8220;default&#8220;][divider line_type=&#8220;No Line&#8220; custom_height=&#8220;400&#8243;][vc_column_text css=&#8220;&#8220; text_direction=&#8220;default&#8220;]\n<h2>G\u00fcte<\/h2>\n[\/vc_column_text][divider line_type=&#8220;No Line&#8220; custom_height=&#8220;100&#8243;][\/vc_column][vc_column column_padding=&#8220;no-extra-padding&#8220; column_padding_tablet=&#8220;inherit&#8220; column_padding_phone=&#8220;inherit&#8220; column_padding_position=&#8220;all&#8220; column_element_direction_desktop=&#8220;default&#8220; column_element_spacing=&#8220;default&#8220; desktop_text_alignment=&#8220;default&#8220; tablet_text_alignment=&#8220;default&#8220; phone_text_alignment=&#8220;default&#8220; background_color_opacity=&#8220;1&#8243; background_hover_color_opacity=&#8220;1&#8243; column_backdrop_filter=&#8220;none&#8220; column_shadow=&#8220;none&#8220; column_border_radius=&#8220;none&#8220; column_link_target=&#8220;_self&#8220; column_position=&#8220;default&#8220; gradient_direction=&#8220;left_to_right&#8220; overlay_strength=&#8220;0.3&#8243; width=&#8220;1\/2&#8243; tablet_width_inherit=&#8220;default&#8220; animation_type=&#8220;default&#8220; bg_image_animation=&#8220;none&#8220; border_type=&#8220;simple&#8220; column_border_width=&#8220;none&#8220; column_border_style=&#8220;solid&#8220;][\/vc_column][\/vc_row][vc_row type=&#8220;in_container&#8220; full_screen_row_position=&#8220;middle&#8220; column_margin=&#8220;default&#8220; column_direction=&#8220;default&#8220; column_direction_tablet=&#8220;default&#8220; column_direction_phone=&#8220;default&#8220; scene_position=&#8220;center&#8220; top_padding=&#8220;120&#8243; bottom_padding=&#8220;90&#8243; text_color=&#8220;dark&#8220; text_align=&#8220;left&#8220; row_border_radius=&#8220;none&#8220; row_border_radius_applies=&#8220;bg&#8220; overflow=&#8220;visible&#8220; overlay_strength=&#8220;0.3&#8243; gradient_direction=&#8220;left_to_right&#8220; shape_divider_position=&#8220;bottom&#8220; bg_image_animation=&#8220;none&#8220; gradient_type=&#8220;default&#8220; shape_type=&#8220;&#8220;][vc_column column_padding=&#8220;padding-5-percent&#8220; column_padding_tablet=&#8220;inherit&#8220; column_padding_phone=&#8220;inherit&#8220; column_padding_position=&#8220;right&#8220; column_element_direction_desktop=&#8220;default&#8220; column_element_spacing=&#8220;default&#8220; desktop_text_alignment=&#8220;default&#8220; tablet_text_alignment=&#8220;default&#8220; phone_text_alignment=&#8220;default&#8220; background_color_opacity=&#8220;1&#8243; background_hover_color_opacity=&#8220;1&#8243; column_backdrop_filter=&#8220;none&#8220; column_shadow=&#8220;none&#8220; column_border_radius=&#8220;none&#8220; column_link_target=&#8220;_self&#8220; column_position=&#8220;default&#8220; gradient_direction=&#8220;left_to_right&#8220; overlay_strength=&#8220;0.3&#8243; width=&#8220;1\/3&#8243; tablet_width_inherit=&#8220;default&#8220; animation_type=&#8220;default&#8220; bg_image_animation=&#8220;none&#8220; border_type=&#8220;simple&#8220; column_border_width=&#8220;none&#8220; column_border_style=&#8220;solid&#8220; column_padding_type=&#8220;default&#8220; gradient_type=&#8220;default&#8220;][vc_column_text css=&#8220;&#8220; text_direction=&#8220;default&#8220;]Folgende Stahlsorten sind in unserem Sortiment f\u00fcr Messer erh\u00e4ltlich. Die chemischen Zusammensetzungen dienen als Referenz f\u00fcr den Materialvergleich und die Auswahl.[\/vc_column_text][vc_column_text css=&#8220;&#8220; text_direction=&#8220;default&#8220;]\n<h4>Verf\u00fcgbare Gr\u00f6\u00dfen<\/h4>\n[\/vc_column_text][vc_column_text css=&#8220;&#8220; text_direction=&#8220;default&#8220;]<span style=\"color: #62bb46;\">Dicke:<\/span> &gt;=0.1&#8243;<br \/>\n<span style=\"color: #62bb46;\">Breite:<\/span> &lt;= 24&#8243; <em>(geschliffen)<\/em> &#8211; &lt;=31.5&#8243; <em>(blank)<br \/>\n<\/em><em><span style=\"color: #62bb46;\">L\u00e4nge:<\/span><\/em>39.37&#8243; &#8211; 47.24&#8243; <em>(geschliffene) &#8211; <\/em>74.8&#8243; &#8211; 90.55&#8243;<em>(blank)<br \/>\n<\/em>[\/vc_column_text][vc_row_inner column_margin=&#8220;default&#8220; column_direction=&#8220;default&#8220; column_direction_tablet=&#8220;default&#8220; column_direction_phone=&#8220;default&#8220; top_padding=&#8220;25&#8243; text_align=&#8220;left&#8220; row_position=&#8220;default&#8220; row_position_tablet=&#8220;inherit&#8220; row_position_phone=&#8220;inherit&#8220; overflow=&#8220;visible&#8220; pointer_events=&#8220;all&#8220;][vc_column_inner column_padding=&#8220;no-extra-padding&#8220; column_padding_tablet=&#8220;inherit&#8220; column_padding_phone=&#8220;inherit&#8220; column_padding_position=&#8220;all&#8220; column_element_direction_desktop=&#8220;default&#8220; column_element_spacing=&#8220;default&#8220; desktop_text_alignment=&#8220;default&#8220; tablet_text_alignment=&#8220;default&#8220; phone_text_alignment=&#8220;default&#8220; background_color_opacity=&#8220;1&#8243; background_hover_color_opacity=&#8220;1&#8243; column_backdrop_filter=&#8220;none&#8220; column_shadow=&#8220;none&#8220; column_border_radius=&#8220;none&#8220; column_link_target=&#8220;_self&#8220; overflow=&#8220;visible&#8220; gradient_direction=&#8220;left_to_right&#8220; overlay_strength=&#8220;0.3&#8243; width=&#8220;1\/1&#8243; tablet_width_inherit=&#8220;default&#8220; animation_type=&#8220;default&#8220; bg_image_animation=&#8220;none&#8220; border_type=&#8220;simple&#8220; column_border_width=&#8220;none&#8220; column_border_style=&#8220;solid&#8220;][image_with_animation image_url=&#8220;2155&#8243; image_size=&#8220;full&#8220; max_width=&#8220;100%&#8220; max_width_mobile=&#8220;default&#8220; animation_type=&#8220;entrance&#8220; animation=&#8220;None&#8220; animation_movement_type=&#8220;transform_y&#8220; hover_animation=&#8220;none&#8220; alignment=&#8220;&#8220; border_radius=&#8220;none&#8220; box_shadow=&#8220;none&#8220; image_loading=&#8220;default&#8220;][\/vc_column_inner][\/vc_row_inner][vc_column_text css=&#8220;&#8220; text_direction=&#8220;default&#8220;]Bodenoberfl\u00e4che[\/vc_column_text][image_with_animation image_url=&#8220;2154&#8243; image_size=&#8220;full&#8220; max_width=&#8220;100%&#8220; max_width_mobile=&#8220;default&#8220; animation_type=&#8220;entrance&#8220; animation=&#8220;None&#8220; animation_movement_type=&#8220;transform_y&#8220; hover_animation=&#8220;none&#8220; alignment=&#8220;&#8220; border_radius=&#8220;none&#8220; box_shadow=&#8220;none&#8220; image_loading=&#8220;default&#8220;][vc_column_text css=&#8220;&#8220; text_direction=&#8220;default&#8220;]Helle Oberfl\u00e4che[\/vc_column_text][\/vc_column][vc_column column_padding=&#8220;no-extra-padding&#8220; column_padding_tablet=&#8220;inherit&#8220; column_padding_phone=&#8220;inherit&#8220; column_padding_position=&#8220;all&#8220; column_element_direction_desktop=&#8220;default&#8220; column_element_spacing=&#8220;default&#8220; desktop_text_alignment=&#8220;default&#8220; tablet_text_alignment=&#8220;default&#8220; phone_text_alignment=&#8220;default&#8220; background_color_opacity=&#8220;1&#8243; background_hover_color_opacity=&#8220;1&#8243; column_backdrop_filter=&#8220;none&#8220; column_shadow=&#8220;none&#8220; column_border_radius=&#8220;none&#8220; column_link_target=&#8220;_self&#8220; column_position=&#8220;default&#8220; gradient_direction=&#8220;left_to_right&#8220; overlay_strength=&#8220;0.3&#8243; width=&#8220;2\/3&#8243; tablet_width_inherit=&#8220;default&#8220; animation_type=&#8220;default&#8220; bg_image_animation=&#8220;none&#8220; border_type=&#8220;simple&#8220; column_border_width=&#8220;none&#8220; column_border_style=&#8220;solid&#8220;][vc_column_text css=&#8220;&#8220; text_direction=&#8220;default&#8220;]\n<table id=\"tablepress-12\" class=\"tablepress tablepress-id-12\">\n<thead>\n<tr class=\"row-1\">\n\t<th class=\"column-1\">G\u00fcte<\/th><th colspan=\"6\" class=\"column-2\">Chemische Zusammensetzung <\/th>\n<\/tr>\n<\/thead>\n<tbody class=\"row-striping row-hover\">\n<tr class=\"row-2\">\n\t<td class=\"column-1\"><\/td><td class=\"column-2\">C<\/td><td class=\"column-3\">W<\/td><td class=\"column-4\">Mo<\/td><td class=\"column-5\">Cr<\/td><td class=\"column-6\">V<\/td><td class=\"column-7\">Co<\/td>\n<\/tr>\n<tr class=\"row-3\">\n\t<td class=\"column-1\">TPMB31<\/td><td class=\"column-2\">0.81<\/td><td class=\"column-3\">-<\/td><td class=\"column-4\">1.35<\/td><td class=\"column-5\">7.75<\/td><td class=\"column-6\">2.8<\/td><td class=\"column-7\">-<\/td>\n<\/tr>\n<tr class=\"row-4\">\n\t<td class=\"column-1\">TPMB44<\/td><td class=\"column-2\">1.4<\/td><td class=\"column-3\">-<\/td><td class=\"column-4\">3.5<\/td><td class=\"column-5\">4.7<\/td><td class=\"column-6\">3.7<\/td><td class=\"column-7\">-<\/td>\n<\/tr>\n<tr class=\"row-5\">\n\t<td class=\"column-1\">TPMB91<\/td><td class=\"column-2\">1.83<\/td><td class=\"column-3\">-<\/td><td class=\"column-4\">1.35<\/td><td class=\"column-5\">5.25<\/td><td class=\"column-6\">8.7<\/td><td class=\"column-7\">-<\/td>\n<\/tr>\n<tr class=\"row-6\">\n\t<td class=\"column-1\">TPMB101S<\/td><td class=\"column-2\">2.5<\/td><td class=\"column-3\">-<\/td><td class=\"column-4\">1.3<\/td><td class=\"column-5\">5.25<\/td><td class=\"column-6\">9.35<\/td><td class=\"column-7\">-<\/td>\n<\/tr>\n<tr class=\"row-7\">\n\t<td class=\"column-1\">TPMB41<\/td><td class=\"column-2\">1.4<\/td><td class=\"column-3\">1.7<\/td><td class=\"column-4\">1.3<\/td><td class=\"column-5\">7.8<\/td><td class=\"column-6\">3.8<\/td><td class=\"column-7\">-<\/td>\n<\/tr>\n<tr class=\"row-8\">\n\t<td class=\"column-1\">TPMB42<\/td><td class=\"column-2\">1.4<\/td><td class=\"column-3\">3.55<\/td><td class=\"column-4\">1.5<\/td><td class=\"column-5\">6.4<\/td><td class=\"column-6\">3.65<\/td><td class=\"column-7\">Nb=0.18<\/td>\n<\/tr>\n<tr class=\"row-9\">\n\t<td class=\"column-1\">TPMB92<\/td><td class=\"column-2\">2.9<\/td><td class=\"column-3\">-<\/td><td class=\"column-4\">1.4<\/td><td class=\"column-5\">8<\/td><td class=\"column-6\">9.75<\/td><td class=\"column-7\">-<\/td>\n<\/tr>\n<tr class=\"row-10\">\n\t<td class=\"column-1\">TPMB13W<\/td><td class=\"column-2\">0.55<\/td><td class=\"column-3\">2.2<\/td><td class=\"column-4\">2.8<\/td><td class=\"column-5\">4.5<\/td><td class=\"column-6\">1<\/td><td class=\"column-7\">-<\/td>\n<\/tr>\n<tr class=\"row-11\">\n\t<td class=\"column-1\">TPMD11<\/td><td class=\"column-2\">1.6<\/td><td class=\"column-3\">-<\/td><td class=\"column-4\">0.8<\/td><td class=\"column-5\">16<\/td><td class=\"column-6\">0.45<\/td><td class=\"column-7\">-<\/td>\n<\/tr>\n<tr class=\"row-12\">\n\t<td class=\"column-1\">TPMD21<\/td><td class=\"column-2\">2.78<\/td><td class=\"column-3\">-<\/td><td class=\"column-4\">1.1<\/td><td class=\"column-5\">25<\/td><td class=\"column-6\">2.5<\/td><td class=\"column-7\">-<\/td>\n<\/tr>\n<tr class=\"row-13\">\n\t<td class=\"column-1\">TPMD31<\/td><td class=\"column-2\">1.7<\/td><td class=\"column-3\">-<\/td><td class=\"column-4\">1<\/td><td class=\"column-5\">18<\/td><td class=\"column-6\">3<\/td><td class=\"column-7\">-<\/td>\n<\/tr>\n<tr class=\"row-14\">\n\t<td class=\"column-1\">TPMD41A<\/td><td class=\"column-2\">1.9<\/td><td class=\"column-3\">0.6<\/td><td class=\"column-4\">1<\/td><td class=\"column-5\">20<\/td><td class=\"column-6\">4<\/td><td class=\"column-7\">-<\/td>\n<\/tr>\n<tr class=\"row-15\">\n\t<td class=\"column-1\">TPMD41B<\/td><td class=\"column-2\">2.05<\/td><td class=\"column-3\">-<\/td><td class=\"column-4\">2<\/td><td class=\"column-5\">11<\/td><td class=\"column-6\">4<\/td><td class=\"column-7\">+Nb      +N<\/td>\n<\/tr>\n<tr class=\"row-16\">\n\t<td class=\"column-1\">TPMD42<\/td><td class=\"column-2\">1.45<\/td><td class=\"column-3\">-<\/td><td class=\"column-4\">2<\/td><td class=\"column-5\">14<\/td><td class=\"column-6\">4<\/td><td class=\"column-7\">-<\/td>\n<\/tr>\n<tr class=\"row-17\">\n\t<td class=\"column-1\">TPMD04<\/td><td class=\"column-2\">1.05<\/td><td class=\"column-3\">-<\/td><td class=\"column-4\">4<\/td><td class=\"column-5\">14<\/td><td class=\"column-6\">-<\/td><td class=\"column-7\">-<\/td>\n<\/tr>\n<tr class=\"row-18\">\n\t<td class=\"column-1\">TPMD91<\/td><td class=\"column-2\">2.36<\/td><td class=\"column-3\">-<\/td><td class=\"column-4\">1.06<\/td><td class=\"column-5\">14.23<\/td><td class=\"column-6\">8.62<\/td><td class=\"column-7\">-<\/td>\n<\/tr>\n<tr class=\"row-19\">\n\t<td class=\"column-1\">TPMD01<\/td><td class=\"column-2\">1.05<\/td><td class=\"column-3\">-<\/td><td class=\"column-4\">1.2<\/td><td class=\"column-5\">17.5<\/td><td class=\"column-6\">0.1<\/td><td class=\"column-7\">1.5<\/td>\n<\/tr>\n<tr class=\"row-20\">\n\t<td class=\"column-1\">TPM440C<\/td><td class=\"column-2\">0.95<\/td><td class=\"column-3\">-<\/td><td class=\"column-4\">0.75max<\/td><td class=\"column-5\">16<\/td><td class=\"column-6\">-<\/td><td class=\"column-7\">-<\/td>\n<\/tr>\n<\/tbody>\n<\/table>\n[\/vc_column_text][\/vc_column][\/vc_row]\n","protected":false},"excerpt":{"rendered":"<p>[vc_row type=&#8220;full_width_background&#8220; full_screen_row_position=&#8220;middle&#8220; column_margin=&#8220;default&#8220; column_direction=&#8220;default&#8220; column_direction_tablet=&#8220;default&#8220; column_direction_phone=&#8220;default&#8220; bg_image=&#8220;1885&#8243; bg_position=&#8220;center top&#8220; background_image_loading=&#8220;default&#8220; bg_repeat=&#8220;no-repeat&#8220; scene_position=&#8220;center&#8220; text_color=&#8220;dark&#8220; text_align=&#8220;left&#8220; row_border_radius=&#8220;none&#8220; row_border_radius_applies=&#8220;bg&#8220; overflow=&#8220;visible&#8220; overlay_strength=&#8220;0.3&#8243; gradient_direction=&#8220;left_to_right&#8220; shape_divider_position=&#8220;bottom&#8220; bg_image_animation=&#8220;none&#8220; parallax_bg=&#8220;true&#8220; parallax_bg_speed=&#8220;fast&#8220; gradient_type=&#8220;default&#8220; shape_type=&#8220;&#8220;][vc_column column_padding=&#8220;no-extra-padding&#8220; column_padding_tablet=&#8220;inherit&#8220; column_padding_phone=&#8220;inherit&#8220; column_padding_position=&#8220;all&#8220;&#8230;<\/p>\n","protected":false},"author":3,"featured_media":0,"parent":0,"menu_order":0,"comment_status":"closed","ping_status":"closed","template":"","meta":{"footnotes":""},"class_list":["post-2628","page","type-page","status-publish"],"_links":{"self":[{"href":"https:\/\/oss-material.com\/de\/wp-json\/wp\/v2\/pages\/2628","targetHints":{"allow":["GET"]}}],"collection":[{"href":"https:\/\/oss-material.com\/de\/wp-json\/wp\/v2\/pages"}],"about":[{"href":"https:\/\/oss-material.com\/de\/wp-json\/wp\/v2\/types\/page"}],"author":[{"embeddable":true,"href":"https:\/\/oss-material.com\/de\/wp-json\/wp\/v2\/users\/3"}],"replies":[{"embeddable":true,"href":"https:\/\/oss-material.com\/de\/wp-json\/wp\/v2\/comments?post=2628"}],"version-history":[{"count":3,"href":"https:\/\/oss-material.com\/de\/wp-json\/wp\/v2\/pages\/2628\/revisions"}],"predecessor-version":[{"id":3222,"href":"https:\/\/oss-material.com\/de\/wp-json\/wp\/v2\/pages\/2628\/revisions\/3222"}],"wp:attachment":[{"href":"https:\/\/oss-material.com\/de\/wp-json\/wp\/v2\/media?parent=2628"}],"curies":[{"name":"wp","href":"https:\/\/api.w.org\/{rel}","templated":true}]}}